{"id":785,"date":"2018-02-16T22:08:08","date_gmt":"2018-02-16T22:08:08","guid":{"rendered":"https:\/\/kollagen-inventia.de\/produkt\/shampoo-natural-collagen-inventia-200ml"},"modified":"2018-02-16T22:08:08","modified_gmt":"2018-02-16T22:08:08","slug":"shampoo-natural-collagen-inventia-200ml","status":"publish","type":"product","link":"https:\/\/kollagen-inventia.de\/pt-br\/produkt\/shampoo-natural-collagen-inventia-200ml","title":{"rendered":"Shampoo Natural Collagen Inventia &#8211; 200ml"},"content":{"rendered":"<p><span id=\"ctl00_ContentPlaceHolder1_lblText\">O Shampoo Natural Collagen Inventia \u00e9 um shampoo suave com col\u00e1geno, adequado para todos os tipos de cabelo. Especialmente recomendado para cabelos fracos, quebradi\u00e7os ou danificados por radia\u00e7\u00e3o UV ou tratamentos qu\u00edmicos (de sal\u00e3o), que necessitam de cuidados especiais. Gra\u00e7as ao alto teor de col\u00e1geno de peixe, ele fortalece a estrutura capilar, regenera pontas duplas e previne sua quebra. Os ingredientes ativos, como extrato de mel e seda, bem como D-Pantenol, nutrem o cabelo de forma excelente, devolvendo-lhe firmeza e brilho. O shampoo de col\u00e1geno tamb\u00e9m aumenta visualmente o volume do cabelo, prolonga a durabilidade do penteado e estimula o crescimento capilar. O produto confere brilho e apar\u00eancia saud\u00e1vel, sem pesar os fios. O Shampoo Natural Collagen Inventia pode ser usado diariamente. O shampoo n\u00e3o cont\u00e9m sal.      <\/span><\/p>\n<p><span id=\"ctl00_ContentPlaceHolder1_lblText\"><strong>EFEITOS<\/strong><\/span><\/p>\n<ul>\n<li><span id=\"ctl00_ContentPlaceHolder1_lblText\">Regenera e fortalece significativamente a estrutura capilar<\/span><\/li>\n<li><span id=\"ctl00_ContentPlaceHolder1_lblText\">Reduz a queda de cabelo*<\/span><\/li>\n<li><span id=\"ctl00_ContentPlaceHolder1_lblText\">Confere ao cabelo uma apar\u00eancia e brilho saud\u00e1veis<\/span><\/li>\n<\/ul>\n<div align=\"center\">\n<script async=\"\" src=\"\/\/pagead2.googlesyndication.com\/pagead\/js\/adsbygoogle.js\"><\/script><br \/>\n<ins class=\"adsbygoogle\" style=\"display:block; text-align:center;\" data-ad-layout=\"in-article\" data-ad-format=\"fluid\" data-ad-client=\"ca-pub-6998664093247383\" data-ad-slot=\"1150623665\"><\/ins><br \/>\n<script>\n     (adsbygoogle = window.adsbygoogle || []).push({});\n<\/script>\n\t<\/div>\n","protected":false},"excerpt":{"rendered":"<p>Shampoo suave de col\u00e1geno, adequado para todos os tipos de cabelo. Especialmente recomendado para cabelos fracos, quebradi\u00e7os ou danificados por radia\u00e7\u00e3o UV ou tratamentos qu\u00edmicos (de sal\u00e3o), que necessitam de cuidados especiais. <\/p>\n","protected":false},"featured_media":70,"comment_status":"open","ping_status":"closed","template":"","meta":[],"product_brand":[],"product_cat":[82],"product_tag":[74],"class_list":{"0":"post-785","1":"product","2":"type-product","3":"status-publish","4":"has-post-thumbnail","6":"product_cat-cabelosunhas","7":"product_tag-natural-collagen-inventia","9":"first","10":"instock","11":"sale","12":"taxable","13":"shipping-taxable","14":"purchasable","15":"product-type-simple"},"aioseo_notices":[],"_links":{"self":[{"href":"https:\/\/kollagen-inventia.de\/pt-br\/wp-json\/wp\/v2\/product\/785","targetHints":{"allow":["GET"]}}],"collection":[{"href":"https:\/\/kollagen-inventia.de\/pt-br\/wp-json\/wp\/v2\/product"}],"about":[{"href":"https:\/\/kollagen-inventia.de\/pt-br\/wp-json\/wp\/v2\/types\/product"}],"replies":[{"embeddable":true,"href":"https:\/\/kollagen-inventia.de\/pt-br\/wp-json\/wp\/v2\/comments?post=785"}],"wp:featuredmedia":[{"embeddable":true,"href":"https:\/\/kollagen-inventia.de\/pt-br\/wp-json\/wp\/v2\/media\/70"}],"wp:attachment":[{"href":"https:\/\/kollagen-inventia.de\/pt-br\/wp-json\/wp\/v2\/media?parent=785"}],"wp:term":[{"taxonomy":"product_brand","embeddable":true,"href":"https:\/\/kollagen-inventia.de\/pt-br\/wp-json\/wp\/v2\/product_brand?post=785"},{"taxonomy":"product_cat","embeddable":true,"href":"https:\/\/kollagen-inventia.de\/pt-br\/wp-json\/wp\/v2\/product_cat?post=785"},{"taxonomy":"product_tag","embeddable":true,"href":"https:\/\/kollagen-inventia.de\/pt-br\/wp-json\/wp\/v2\/product_tag?post=785"}],"curies":[{"name":"wp","href":"https:\/\/api.w.org\/{rel}","templated":true}]}}