{"id":782,"date":"2018-02-16T21:47:12","date_gmt":"2018-02-16T21:47:12","guid":{"rendered":"https:\/\/kollagen-inventia.de\/produkt\/capsulas-de-colageno-inventia-invita-active-60-unid"},"modified":"2018-02-16T21:47:12","modified_gmt":"2018-02-16T21:47:12","slug":"capsulas-de-colageno-inventia-invita-active-60-unid","status":"publish","type":"product","link":"https:\/\/kollagen-inventia.de\/pt-br\/produkt\/capsulas-de-colageno-inventia-invita-active-60-unid","title":{"rendered":"C\u00e1psulas de Col\u00e1geno Inventia Invita Active &#8211; 60 unid."},"content":{"rendered":"<p>O suplemento alimentar Invita Active com col\u00e1geno \u00e9 especialmente indicado para pessoas ativas ou que sobrecarregam as articula\u00e7\u00f5es e o sistema locomotor, juntas e cartilagens. As c\u00e1psulas cont\u00eam componentes com a\u00e7\u00e3o sin\u00e9rgica. O inovador col\u00e1geno liofilizado com cartilagem de tubar\u00e3o possui um teor de col\u00e1geno de peixe de 80 mg (dose di\u00e1ria). Al\u00e9m disso, as c\u00e1psulas s\u00e3o uma fonte rica em condroitina e col\u00e1geno tipo II, presente na cartilagem articular. A glucosamina, contida na forma de sulfato no produto Invita Active, desempenha uma fun\u00e7\u00e3o essencial na cartilagem. A a\u00e7\u00e3o hol\u00edstica das c\u00e1psulas de col\u00e1geno \u00e9 complementada pelo \u00e1cido hialur\u00f4nico, um componente funcional e importante do tecido conjuntivo. O extrato de incenso indiano mant\u00e9m a sa\u00fade das articula\u00e7\u00f5es e apoia sua elasticidade.      <\/p>\n<p><a href=\"https:\/\/kollagen-inventia.de\/warum-natural-inventia-collagen-gel-und-invita-kollagen-kapseln\" data-link-type=\"tree\" data-type=\"linkpicker\">&gt;&gt;&gt; Mais informa\u00e7\u00f5es sobre por que o col\u00e1geno no Invita Active ajuda e o que ele faz no corpo aqui &gt;&gt;&gt;<\/a><\/p>\n<div align=\"center\">\n<script async=\"\" src=\"\/\/pagead2.googlesyndication.com\/pagead\/js\/adsbygoogle.js\"><\/script><br \/>\n<ins class=\"adsbygoogle\" style=\"display:block; text-align:center;\" data-ad-layout=\"in-article\" data-ad-format=\"fluid\" data-ad-client=\"ca-pub-6998664093247383\" data-ad-slot=\"1150623665\"><\/ins><br \/>\n<script>\n     (adsbygoogle = window.adsbygoogle || []).push({});\n<\/script>\n\t<\/div>\n","protected":false},"excerpt":{"rendered":"<p>C\u00e1psulas de Col\u00e1geno Invita especiais para articula\u00e7\u00f5es saud\u00e1veis, sistema locomotor e ossos<\/p>\n","protected":false},"featured_media":68,"comment_status":"open","ping_status":"closed","template":"","meta":[],"product_brand":[],"product_cat":[81],"product_tag":[74],"class_list":{"0":"post-782","1":"product","2":"type-product","3":"status-publish","4":"has-post-thumbnail","6":"product_cat-suplemento-alimentar","7":"product_tag-natural-collagen-inventia","9":"first","10":"instock","11":"sale","12":"taxable","13":"shipping-taxable","14":"purchasable","15":"product-type-simple"},"aioseo_notices":[],"_links":{"self":[{"href":"https:\/\/kollagen-inventia.de\/pt-br\/wp-json\/wp\/v2\/product\/782","targetHints":{"allow":["GET"]}}],"collection":[{"href":"https:\/\/kollagen-inventia.de\/pt-br\/wp-json\/wp\/v2\/product"}],"about":[{"href":"https:\/\/kollagen-inventia.de\/pt-br\/wp-json\/wp\/v2\/types\/product"}],"replies":[{"embeddable":true,"href":"https:\/\/kollagen-inventia.de\/pt-br\/wp-json\/wp\/v2\/comments?post=782"}],"wp:featuredmedia":[{"embeddable":true,"href":"https:\/\/kollagen-inventia.de\/pt-br\/wp-json\/wp\/v2\/media\/68"}],"wp:attachment":[{"href":"https:\/\/kollagen-inventia.de\/pt-br\/wp-json\/wp\/v2\/media?parent=782"}],"wp:term":[{"taxonomy":"product_brand","embeddable":true,"href":"https:\/\/kollagen-inventia.de\/pt-br\/wp-json\/wp\/v2\/product_brand?post=782"},{"taxonomy":"product_cat","embeddable":true,"href":"https:\/\/kollagen-inventia.de\/pt-br\/wp-json\/wp\/v2\/product_cat?post=782"},{"taxonomy":"product_tag","embeddable":true,"href":"https:\/\/kollagen-inventia.de\/pt-br\/wp-json\/wp\/v2\/product_tag?post=782"}],"curies":[{"name":"wp","href":"https:\/\/api.w.org\/{rel}","templated":true}]}}