{"id":770,"date":"2018-02-25T12:45:07","date_gmt":"2018-02-25T12:45:07","guid":{"rendered":"https:\/\/kollagen-inventia.de\/produkt\/perfect-skin-natural-collagen-inventia-kit-de-regeneracao-com-5-itens"},"modified":"2018-02-25T12:45:07","modified_gmt":"2018-02-25T12:45:07","slug":"perfect-skin-natural-collagen-inventia-kit-de-regeneracao-com-5-itens","status":"publish","type":"product","link":"https:\/\/kollagen-inventia.de\/pt-br\/produkt\/perfect-skin-natural-collagen-inventia-kit-de-regeneracao-com-5-itens","title":{"rendered":"Perfect Skin Natural Collagen Inventia Kit de Regenera\u00e7\u00e3o com 5 itens"},"content":{"rendered":"<p><strong>Natural Collagen Inventia Perfect Skin Kit de Regenera\u00e7\u00e3o,<\/strong> <strong>com 5 itens<\/strong><\/p>\n<p>Composto por:<\/p>\n<p><strong>-Col\u00e1geno<\/strong> <strong>cuidado diurno 50 ml<\/strong><\/p>\n<p><strong>-Col\u00e1geno cuidado noturno 50 ml<\/strong><\/p>\n<p><strong>-Col\u00e1geno Face 30 ml<\/strong><\/p>\n<p><strong>-T\u00f4nico facial 125 ml<\/strong><\/p>\n<p><strong>-Leite de limpeza revitalizante 100 ml<\/strong><\/p>\n<p><strong>Armazenamento<\/strong><\/p>\n<p>A cosm\u00e9tica com col\u00e1geno da Natural Collagen Inventia deve ser armazenada em temperaturas entre 5 \u00b0C e 28 \u00b0C. Recomendamos guardar o produto na embalagem original e, em temperaturas mais altas, de ver\u00e3o, na geladeira. Protege tamb\u00e9m da luz solar direta.  <\/p>\n<div align=\"center\">\n<script async=\"\" src=\"\/\/pagead2.googlesyndication.com\/pagead\/js\/adsbygoogle.js\"><\/script><br \/>\n<ins class=\"adsbygoogle\" style=\"display:block; text-align:center;\" data-ad-layout=\"in-article\" data-ad-format=\"fluid\" data-ad-client=\"ca-pub-6998664093247383\" data-ad-slot=\"1150623665\"><\/ins><br \/>\n<script>\n     (adsbygoogle = window.adsbygoogle || []).push({});\n<\/script>\n\t<\/div>\n","protected":false},"excerpt":{"rendered":"<p>No pack econ\u00f4mico: Kit Perfect Skin da Natural Collagen Inventia<\/p>\n","protected":false},"featured_media":181,"comment_status":"open","ping_status":"closed","template":"","meta":[],"product_brand":[],"product_cat":[73,77],"product_tag":[74],"class_list":{"0":"post-770","1":"product","2":"type-product","3":"status-publish","4":"has-post-thumbnail","6":"product_cat-cuidados-faciais","7":"product_cat-ofertas","8":"product_tag-natural-collagen-inventia","10":"first","11":"instock","12":"sale","13":"taxable","14":"shipping-taxable","15":"purchasable","16":"product-type-simple"},"aioseo_notices":[],"_links":{"self":[{"href":"https:\/\/kollagen-inventia.de\/pt-br\/wp-json\/wp\/v2\/product\/770","targetHints":{"allow":["GET"]}}],"collection":[{"href":"https:\/\/kollagen-inventia.de\/pt-br\/wp-json\/wp\/v2\/product"}],"about":[{"href":"https:\/\/kollagen-inventia.de\/pt-br\/wp-json\/wp\/v2\/types\/product"}],"replies":[{"embeddable":true,"href":"https:\/\/kollagen-inventia.de\/pt-br\/wp-json\/wp\/v2\/comments?post=770"}],"wp:featuredmedia":[{"embeddable":true,"href":"https:\/\/kollagen-inventia.de\/pt-br\/wp-json\/wp\/v2\/media\/181"}],"wp:attachment":[{"href":"https:\/\/kollagen-inventia.de\/pt-br\/wp-json\/wp\/v2\/media?parent=770"}],"wp:term":[{"taxonomy":"product_brand","embeddable":true,"href":"https:\/\/kollagen-inventia.de\/pt-br\/wp-json\/wp\/v2\/product_brand?post=770"},{"taxonomy":"product_cat","embeddable":true,"href":"https:\/\/kollagen-inventia.de\/pt-br\/wp-json\/wp\/v2\/product_cat?post=770"},{"taxonomy":"product_tag","embeddable":true,"href":"https:\/\/kollagen-inventia.de\/pt-br\/wp-json\/wp\/v2\/product_tag?post=770"}],"curies":[{"name":"wp","href":"https:\/\/api.w.org\/{rel}","templated":true}]}}