{"id":747,"date":"2018-02-24T10:17:41","date_gmt":"2018-02-24T10:17:41","guid":{"rendered":"https:\/\/kollagen-inventia.de\/produkt\/natural-collagen-inventia-gel-de-limpeza-facial-250ml"},"modified":"2018-02-24T10:17:41","modified_gmt":"2018-02-24T10:17:41","slug":"natural-collagen-inventia-gel-de-limpeza-facial-250ml","status":"publish","type":"product","link":"https:\/\/kollagen-inventia.de\/pt-br\/produkt\/natural-collagen-inventia-gel-de-limpeza-facial-250ml","title":{"rendered":"Natural Collagen Inventia Gel de Limpeza Facial &#8211; 250ml"},"content":{"rendered":"<p>O Gel de Limpeza Facial Natural Collagen Inventia \u00e9 adequado para todos os tipos de pele, inclusive peles sens\u00edveis e cansadas, e ajuda a recuperar o equil\u00edbrio natural. A composi\u00e7\u00e3o \u00fanica do gel garante a nutri\u00e7\u00e3o e hidrata\u00e7\u00e3o adequadas. As subst\u00e2ncias de limpeza selecionadas, especialmente suaves, acalmam a pele e tornam a limpeza facial particularmente confort\u00e1vel. O gel de limpeza cont\u00e9m col\u00e1geno natural em sua forma mais pura.   <\/p>\n<p><strong>Gel de Limpeza Facial Natural Collagen Inventia:<\/strong><br \/>\n\u2022 n\u00e3o cont\u00e9m conservantes parabenos.<br \/>\n\u2022 como \u00fanicos estabilizadores s\u00e3o utilizados antioxidantes destinados a alimentos<br \/>\n\u2022 n\u00e3o cont\u00e9m sab\u00e3o SLS \u2013 que \u00e9 usado em todos os lugares, at\u00e9 nos produtos mais caros deste tipo e at\u00e9 em cosm\u00e9ticos infantis<br \/>\n\u2022 em seu lugar foram utilizadas as melhores subst\u00e2ncias ativas selecionadas, que s\u00e3o empregadas por cosmet\u00f3logos apenas em produtos antirrugas de ponta<br \/>\n\u2022 a composi\u00e7\u00e3o de cuidado consiste em v\u00e1rios extratos vegetais, col\u00e1geno de peixe e outras subst\u00e2ncias amplamente compat\u00edveis com a pele e mucosas \u2013 sem atacar o manto protetor natural de \u00e1gua e lip\u00eddios e t\u00e3o compat\u00edveis com a pele quanto produtos para beb\u00eas<br \/>\n\u2022 as propriedades mencionadas foram confirmadas no teste in vitro &#8220;Red-Blood-Cell&#8221;, no procedimento padronizado para lactentes<br \/>\n\u2022 O Gel de Limpeza Facial Natural Collagen Inventia j\u00e1 \u00e9 um cosm\u00e9tico por si s\u00f3, com efeito hidratante e suavizante comprovado, que estimula a regenera\u00e7\u00e3o da pele e possui fun\u00e7\u00e3o antioxidante. Poros dilatados s\u00e3o refinados e a pele impura \u00e9 combatida. <\/p>\n<div align=\"center\">\n<script async=\"\" src=\"\/\/pagead2.googlesyndication.com\/pagead\/js\/adsbygoogle.js\"><\/script><br \/>\n<ins class=\"adsbygoogle\" style=\"display:block; text-align:center;\" data-ad-layout=\"in-article\" data-ad-format=\"fluid\" data-ad-client=\"ca-pub-6998664093247383\" data-ad-slot=\"1150623665\"><\/ins><br \/>\n<script>\n     (adsbygoogle = window.adsbygoogle || []).push({});\n<\/script>\n\t<\/div>\n","protected":false},"excerpt":{"rendered":"<p>O Gel de Limpeza Facial Natural Collagen Inventia \u00e9 adequado para todos os tipos de pele, inclusive peles sens\u00edveis e cansadas, e ajuda a recuperar o equil\u00edbrio natural. A composi\u00e7\u00e3o \u00fanica do gel garante a nutri\u00e7\u00e3o e hidrata\u00e7\u00e3o adequadas. As subst\u00e2ncias de limpeza selecionadas, especialmente suaves, acalmam a pele e tornam a limpeza facial particularmente confort\u00e1vel. O gel de limpeza cont\u00e9m col\u00e1geno natural em sua forma mais pura.   <\/p>\n","protected":false},"featured_media":168,"comment_status":"open","ping_status":"closed","template":"","meta":[],"product_brand":[],"product_cat":[73],"product_tag":[74],"class_list":{"0":"post-747","1":"product","2":"type-product","3":"status-publish","4":"has-post-thumbnail","6":"product_cat-cuidados-faciais","7":"product_tag-natural-collagen-inventia","9":"first","10":"instock","11":"sale","12":"taxable","13":"shipping-taxable","14":"purchasable","15":"product-type-simple"},"aioseo_notices":[],"_links":{"self":[{"href":"https:\/\/kollagen-inventia.de\/pt-br\/wp-json\/wp\/v2\/product\/747","targetHints":{"allow":["GET"]}}],"collection":[{"href":"https:\/\/kollagen-inventia.de\/pt-br\/wp-json\/wp\/v2\/product"}],"about":[{"href":"https:\/\/kollagen-inventia.de\/pt-br\/wp-json\/wp\/v2\/types\/product"}],"replies":[{"embeddable":true,"href":"https:\/\/kollagen-inventia.de\/pt-br\/wp-json\/wp\/v2\/comments?post=747"}],"wp:featuredmedia":[{"embeddable":true,"href":"https:\/\/kollagen-inventia.de\/pt-br\/wp-json\/wp\/v2\/media\/168"}],"wp:attachment":[{"href":"https:\/\/kollagen-inventia.de\/pt-br\/wp-json\/wp\/v2\/media?parent=747"}],"wp:term":[{"taxonomy":"product_brand","embeddable":true,"href":"https:\/\/kollagen-inventia.de\/pt-br\/wp-json\/wp\/v2\/product_brand?post=747"},{"taxonomy":"product_cat","embeddable":true,"href":"https:\/\/kollagen-inventia.de\/pt-br\/wp-json\/wp\/v2\/product_cat?post=747"},{"taxonomy":"product_tag","embeddable":true,"href":"https:\/\/kollagen-inventia.de\/pt-br\/wp-json\/wp\/v2\/product_tag?post=747"}],"curies":[{"name":"wp","href":"https:\/\/api.w.org\/{rel}","templated":true}]}}