{"id":844,"date":"2018-02-18T10:08:22","date_gmt":"2018-02-18T10:08:22","guid":{"rendered":"https:\/\/kollagen-inventia.de\/exemplos-de-aplicacao"},"modified":"2018-02-18T10:08:22","modified_gmt":"2018-02-18T10:08:22","slug":"exemplos-de-aplicacao","status":"publish","type":"page","link":"https:\/\/kollagen-inventia.de\/pt-br\/exemplos-de-aplicacao","title":{"rendered":"Exemplos de aplica\u00e7\u00e3o"},"content":{"rendered":"<h2><strong>Exemplos de tratamentos e m\u00e9todos de tratamento com os cosm\u00e9ticos Natural Collagen Inventia\u00ae<\/strong><\/h2>\n<hr>\n<h3><u>Tratamento de celulite Kuma Shape<\/u><\/h3>\n<p>Este m\u00e9todo de tratamento melhora o estado da pele, reduz a celulite e modela o corpo.<\/p>\n<p>Dura\u00e7\u00e3o do tratamento: 1,5 &#8211; 2 h<\/p>\n<p>Os tratamentos s\u00e3o realizados em s\u00e9ries de 10 sess\u00f5es. Recomenda-se 1 &#8211; 2 sess\u00f5es por semana. <\/p>\n<p><strong>Passo 1.<\/strong> Com <a href=\"https:\/\/anti-aging-collagen.de\/epages\/39508a79-18ea-40d7-9fc3-afca5ad8e52e.sf\/de_DE\/?ObjectPath=\/Shops\/39508a79-18ea-40d7-9fc3-afca5ad8e52e\/Products\/5906681485349\" data-link-type=\"tree\" data-type=\"linkpicker\">COLLAGEN PEELING CREAM<\/a>, fazemos uma esfolia\u00e7\u00e3o corporal completa.<\/p>\n<p><strong>Passo 2.<\/strong>  A cliente enx\u00e1gua o esfoliante no chuveiro.<\/p>\n<p><strong>Passo 3.<\/strong>  Com o aparelho KUMA SHAPE, realizamos o tratamento de firmeza dos tecidos (trata-se de uma massagem profunda, enriquecida com ondas de radiofrequ\u00eancia e luz infravermelha).<\/p>\n<p><strong>Passo 4.<\/strong>  Na pele aquecida pela massagem, aplicamos Natural Collagen Inventia\u00ae BODY.<\/p>\n<p><strong>Passo 5.<\/strong> Em seguida, massageamos <a href=\"https:\/\/anti-aging-collagen.de\/epages\/39508a79-18ea-40d7-9fc3-afca5ad8e52e.sf\/de_DE\/?ObjectPath=\/Shops\/39508a79-18ea-40d7-9fc3-afca5ad8e52e\/Products\/5906681485417\" data-link-type=\"tree\" data-type=\"linkpicker\">DYNAMIC BODY SLIMMING SERUM<\/a> no corpo.<\/p>\n<p><strong>Passo 6.<\/strong>  A cliente \u00e9 envolvida em filme, coberta com uma manta e, ent\u00e3o, deixamos os produtos agirem por 20 minutos.<\/p>\n<p><strong>Passo 7.<\/strong>  Para finalizar o tratamento, massageamos no corpo o DYNAMIC BODY SLIMMING SERUM que n\u00e3o foi absorvido.<\/p>\n<p><img decoding=\"async\" src=\"https:\/\/anti-aging-collagen.de\/WebRoot\/Store26\/Shops\/39508a79-18ea-40d7-9fc3-afca5ad8e52e\/MediaGallery\/Behandlung_KumaShape.jpg\" alt=\"Tratamento_KumaShape\"><img decoding=\"async\" src=\"https:\/\/anti-aging-collagen.de\/WebRoot\/Store26\/Shops\/39508a79-18ea-40d7-9fc3-afca5ad8e52e\/MediaGallery\/Behandlung_KumaShape2.jpg\" alt=\"Tratamento_KumaShape2\"><\/p>\n<hr>\n<h3><u>Tratamento anti-rugas<\/u><\/h3>\n<p>O objetivo deste tratamento \u00e9 revitalizar a pele, suavizar as rugas e firmar os contornos do rosto.<\/p>\n<p>Dura\u00e7\u00e3o do tratamento: aprox. 1,5 h<\/p>\n<p>Recomenda-se uma s\u00e9rie de 5 &#8211; 10 sess\u00f5es (dependendo do estado da pele e do resultado desejado) com intervalos de 4 &#8211; 5 dias; para manter o resultado, deve-se fazer 1 sess\u00e3o a cada 3 &#8211; 4 semanas.<\/p>\n<p><strong>Passo 1.<\/strong>  Com COLLAGEN VITALIZING MILK, remove-se a maquiagem do rosto, pesco\u00e7o e colo.<\/p>\n<p><strong>Passo 2.<\/strong>  Com COLLAGEN SOOTHING TONER, tonifica-se o rosto, pesco\u00e7o e colo.<\/p>\n<p><strong>Passo 3.<\/strong>  Com COLLAGEN PEELING CREAM, fazemos uma esfolia\u00e7\u00e3o e depois removemos com um algod\u00e3o umedecido.<\/p>\n<p><strong>Passo 4.<\/strong>  Com a ajuda do aparelho para suaviza\u00e7\u00e3o de rugas, realizamos o tratamento correspondente (massagem com eletroestimula\u00e7\u00e3o dos m\u00fasculos faciais).<\/p>\n<p><strong>Passo 5.<\/strong>  Usando o produto NATURAL COLLAGEN INVENTIA\u00ae FACE, massageamos manualmente o rosto, pesco\u00e7o e colo.<\/p>\n<p><strong>Passo 6.<\/strong>  Agora aplicamos INVENTIA PURE GOLD MASK WITH NATIVE FISH COLLAGEN no rosto.<\/p>\n<p><strong>Passo 7.<\/strong>  Ap\u00f3s remover a m\u00e1scara de col\u00e1geno, aplicamos COLLAGEN SERUM VIT A + E na \u00e1rea dos olhos. Em seguida, elixir para os olhos <\/p>\n<p><strong>Passo 8.<\/strong>  Para finalizar o tratamento, aplicamos no rosto, pesco\u00e7o e colo COLLAGEN DAY CREAM ou NIGHT CREAM.<\/p>\n<p><img decoding=\"async\" src=\"https:\/\/anti-aging-collagen.de\/WebRoot\/Store26\/Shops\/39508a79-18ea-40d7-9fc3-afca5ad8e52e\/MediaGallery\/Behandlung_Antifalten.jpg\" alt=\"Tratamento_Antirrugas\"> <img decoding=\"async\" src=\"https:\/\/anti-aging-collagen.de\/WebRoot\/Store26\/Shops\/39508a79-18ea-40d7-9fc3-afca5ad8e52e\/MediaGallery\/Behandlung_Antifalten2.jpg\" alt=\"Tratamento_Antirrugas2\"> <img decoding=\"async\" src=\"https:\/\/anti-aging-collagen.de\/WebRoot\/Store26\/Shops\/39508a79-18ea-40d7-9fc3-afca5ad8e52e\/MediaGallery\/Behandlung_Antifalten3.jpg\" alt=\"Tratamento_Antirrugas3\"><\/p>\n<hr>\n<h3><u><strong>TRATAMENTO REVITALIZANTE DA PELE COM MICRODERMOABRAS\u00c3O<\/strong><\/u><\/h3>\n<p>Neste tratamento, remove-se a camada superficial de pele morta, uniformiza-se o tom e nutre-se a pele at\u00e9 as camadas mais profundas.<\/p>\n<p>Dura\u00e7\u00e3o do tratamento: aprox. 1 h<\/p>\n<p>N\u00e3o realizamos este tratamento com mais frequ\u00eancia do que a cada 3 &#8211; 4 semanas.<\/p>\n<p><strong>Passo 1.<\/strong>  Com COLLAGEN VITALIZING MILK, remove-se a maquiagem do rosto, pesco\u00e7o e colo.<\/p>\n<p><strong>Passo 2.<\/strong>  Com COLLAGEN SOOTHING TONER, tonifica-se o rosto, pesco\u00e7o e colo.<\/p>\n<p><strong>Passo 3.<\/strong>  Realizamos a microdermoabras\u00e3o no rosto, pesco\u00e7o e colo.<\/p>\n<p><strong>Passo 4.<\/strong>  Com COLLAGEN PEELING CREAM, fazemos uma esfolia\u00e7\u00e3o e depois removemos com um algod\u00e3o umedecido.<\/p>\n<p><strong>Passo 5.<\/strong> Usando o produto <a href=\"http:\/\/anti-aging-collagen.de\/natural-inventia-face-50ml\" data-link-type=\"external\" data-type=\"linkpicker\">NATURAL COLLAGEN INVENTIA\u00ae FACE<\/a>, massageamos manualmente o rosto, pesco\u00e7o e colo.<\/p>\n<p><strong>Passo 6.<\/strong>  Agora aplicamos INVENTIA PURE GOLD MASK WITH NATIVE FISH COLLAGEN no rosto.<\/p>\n<p><strong>Passo 7.<\/strong>  Aplicamos COLLAGEN SERUM VIT na \u00e1rea dos olhos. A + E e, em seguida, elixir para os olhos <\/p>\n<p><strong>Passo 8.<\/strong>  Para finalizar o tratamento, aplicamos no rosto COLLAGEN DAY CREAM ou NIGHT CREAM.<\/p>\n<hr>\n<h3><u><strong>Tratamento rejuvenescedor para as m\u00e3os<\/strong><\/u><\/h3>\n<p>O objetivo deste tratamento \u00e9 suavizar e hidratar a pele das m\u00e3os.<\/p>\n<p>Dura\u00e7\u00e3o do tratamento: aprox. 30 min<\/p>\n<p>Recomenda-se realizar este tratamento 1 vez por semana para melhorar a apar\u00eancia das m\u00e3os.<\/p>\n<p><strong>Passo 1.<\/strong>  Com COLLAGEN PEELING CREAM, fazemos uma esfolia\u00e7\u00e3o das m\u00e3os.<\/p>\n<p><strong>Passo 2.<\/strong> Aplicamos <a href=\"http:\/\/anti-aging-collagen.de\/natural-inventia-haar-naegel-50ml\" data-link-type=\"external\" data-type=\"linkpicker\">NATURAL COLLAGEN INVENTIA\u00ae HAIR&amp;NAILS<\/a> nas m\u00e3os.<\/p>\n<p><strong>Passo 3.<\/strong>  As m\u00e3os s\u00e3o mergulhadas em parafina morna; em seguida, colocamos luvas de toalha t\u00e9rmicas e deixamos a m\u00e1scara agir por 15-20 minutos.<\/p>\n<p><strong>Passo 4.<\/strong>  Ap\u00f3s remover a camada de parafina, aplicamos nas m\u00e3os um creme hidratante com a\u00e7\u00e3o profunda.<\/p>\n","protected":false},"excerpt":{"rendered":"<p>Exemplos de tratamentos e m\u00e9todos de tratamento com os cosm\u00e9ticos Natural Collagen Inventia\u00ae Tratamento de celulite Kuma Shape Este m\u00e9todo de tratamento melhora o estado da pele, reduz a celulite e modela o corpo. Dura\u00e7\u00e3o do tratamento: 1,5 &#8211; 2 h Os tratamentos s\u00e3o realizados em s\u00e9ries de 10 sess\u00f5es. Recomenda-se 1 &#8211; 2 sess\u00f5es [&hellip;]<\/p>\n","protected":false},"author":1,"featured_media":0,"parent":0,"menu_order":0,"comment_status":"closed","ping_status":"closed","template":"","meta":{"footnotes":""},"class_list":["post-844","page","type-page","status-publish","hentry"],"aioseo_notices":[],"_links":{"self":[{"href":"https:\/\/kollagen-inventia.de\/pt-br\/wp-json\/wp\/v2\/pages\/844","targetHints":{"allow":["GET"]}}],"collection":[{"href":"https:\/\/kollagen-inventia.de\/pt-br\/wp-json\/wp\/v2\/pages"}],"about":[{"href":"https:\/\/kollagen-inventia.de\/pt-br\/wp-json\/wp\/v2\/types\/page"}],"author":[{"embeddable":true,"href":"https:\/\/kollagen-inventia.de\/pt-br\/wp-json\/wp\/v2\/users\/1"}],"replies":[{"embeddable":true,"href":"https:\/\/kollagen-inventia.de\/pt-br\/wp-json\/wp\/v2\/comments?post=844"}],"version-history":[{"count":0,"href":"https:\/\/kollagen-inventia.de\/pt-br\/wp-json\/wp\/v2\/pages\/844\/revisions"}],"wp:attachment":[{"href":"https:\/\/kollagen-inventia.de\/pt-br\/wp-json\/wp\/v2\/media?parent=844"}],"curies":[{"name":"wp","href":"https:\/\/api.w.org\/{rel}","templated":true}]}}