{"id":831,"date":"2018-02-16T10:48:05","date_gmt":"2018-02-16T10:48:05","guid":{"rendered":"https:\/\/kollagen-inventia.de\/cgv"},"modified":"2018-02-16T10:48:05","modified_gmt":"2018-02-16T10:48:05","slug":"cgv","status":"publish","type":"page","link":"https:\/\/kollagen-inventia.de\/pt-br\/cgv","title":{"rendered":"CGV"},"content":{"rendered":"<h1>Condi\u00e7\u00f5es Gerais de Venda<\/h1>\n<div>\n<h1> <strong style=\"font-size: 16px;\">Condi\u00e7\u00f5es Gerais de Venda (CGV)<\/strong><span style=\"font-size: 16px;\">:<\/span><\/h1>\n<div>\n<div id=\"sub_container2\">\n<div id=\"content_container\" class=\"content\">\n<p>\u00a7 1 \u00c2mbito de aplica\u00e7\u00e3o e finalidade comercial<br \/>\n\u00a7 2 Condi\u00e7\u00f5es de uso<br \/>\n\u00a7 3 Celebra\u00e7\u00e3o do contrato; direito de arrependimento<br \/>\n\u00a7 4 Execu\u00e7\u00e3o da entrega; prazos de entrega; transfer\u00eancia de risco<br \/>\n\u00a7 5 Reserva de propriedade<br \/>\n\u00a7 6 Resgate de cupons promocionais<br \/>\n\u00a7 7 Pre\u00e7os e custos de envio<br \/>\n\u00a7 8 Formas e condi\u00e7\u00f5es de pagamento<br \/>\n\u00a7 9 Atraso no pagamento<br \/>\n\u00a7 10 Defeitos<br \/>\n\u00a7 11 Responsabilidade<br \/>\n\u00a7 12 Disposi\u00e7\u00f5es finais<\/p>\n<h2>\u00a7 1 \u00c2mbito de aplica\u00e7\u00e3o e finalidade comercial<\/h2>\n<ol>\n<li>A anti-aging-collagen.de oferece diversos produtos cosm\u00e9ticos para compra.<\/li>\n<li>Estas Condi\u00e7\u00f5es Gerais de Venda aplicam-se a todas as nossas entregas e servi\u00e7os (doravante: \u201centregas\u201d) perante os nossos clientes. Aplicam-se exclusivamente; n\u00e3o reconhecemos condi\u00e7\u00f5es do cliente que sejam contr\u00e1rias ou divergentes das nossas Condi\u00e7\u00f5es Gerais de Venda ou das disposi\u00e7\u00f5es legais, salvo se tivermos concordado expressamente e por escrito com a sua aplica\u00e7\u00e3o. <\/li>\n<\/ol>\n<h2>\u00a7 2 Condi\u00e7\u00f5es de uso<\/h2>\n<ol>\n<li>Para usar as ofertas nos nossos dom\u00ednios anti-aging-collagen.de, \u00e9 necess\u00e1rio fazer o cadastro corretamente no endere\u00e7o de internet do respetivo dom\u00ednio e ativar uma conta. Como cliente, voc\u00ea \u00e9 respons\u00e1vel por fornecer informa\u00e7\u00f5es verdadeiras e completas. <\/li>\n<li>N\u00e3o somos obrigados a aceitar o cadastro ou o pedido de um cliente cadastrado. Tamb\u00e9m n\u00e3o somos obrigados a manter a nossa oferta permanentemente dispon\u00edvel. Pedidos j\u00e1 confirmados n\u00e3o s\u00e3o afetados por isso.  <\/li>\n<li>N\u00e3o oferecemos cadastro para menores de idade nem para outras pessoas com capacidade civil limitada ou incapazes. Al\u00e9m disso, o cadastro s\u00f3 \u00e9 poss\u00edvel para pessoas f\u00edsicas. <\/li>\n<li>Voc\u00ea \u00e9 obrigada a informar imediatamente, na pr\u00f3xima utiliza\u00e7\u00e3o do respetivo dom\u00ednio, quaisquer altera\u00e7\u00f5es das informa\u00e7\u00f5es solicitadas no cadastro.<\/li>\n<li>Se, no cadastro, forem fornecidas informa\u00e7\u00f5es incompletas ou falsas, ou se voc\u00ea deixar de informar altera\u00e7\u00f5es, poderemos excluir voc\u00ea do uso dos nossos dom\u00ednios com efeito imediato.<\/li>\n<li>Voc\u00ea \u00e9 obrigada a manter seus dados de acesso pessoais em sigilo e n\u00e3o os disponibilizar a terceiros n\u00e3o autorizados.<\/li>\n<\/ol>\n<h2>\u00a7 3 Celebra\u00e7\u00e3o do contrato; direito de arrependimento; instru\u00e7\u00f5es sobre arrependimento<\/h2>\n<div class=\"revocation\">\n<h3>Direito de arrependimento<\/h3>\n<p>Voc\u00ea pode revogar sua declara\u00e7\u00e3o contratual no prazo de 14 dias, sem informar motivos, por escrito (por exemplo, carta, fax, e-mail) ou \u2013 se o produto lhe for entregue antes do fim do prazo \u2013 tamb\u00e9m devolvendo o produto. O prazo come\u00e7a ap\u00f3s o recebimento destas instru\u00e7\u00f5es por escrito, por\u00e9m n\u00e3o antes do recebimento da mercadoria pelo destinat\u00e1rio e tamb\u00e9m n\u00e3o antes do cumprimento das nossas obriga\u00e7\u00f5es de informa\u00e7\u00e3o conforme o Artigo 246 \u00a7 2 em conjunto com o \u00a7 1, par\u00e1grafos 1 e 2, do EGBGB. Para cumprir o prazo de arrependimento, basta o envio em tempo h\u00e1bil da revoga\u00e7\u00e3o ou do produto. Mercadorias lacradas por motivos de higiene est\u00e3o exclu\u00eddas do arrependimento assim que o lacre de higiene for aberto ou removido.   <\/p>\n<p>O arrependimento deve ser enviado para:<\/p>\n<div>Inventia Deutschland<\/div>\n<div>Dr.Z.Jacob<br \/>\nFr\u00f6belstr.33<br \/>\n04463 Grosspoesna<br \/>\nE-mail: <a href=\"mailto:info@fashionette.de\">info@jungbleiben.eu<\/a><\/div>\n<div><\/div>\n<h3>Consequ\u00eancias do arrependimento<\/h3>\n<p>Em caso de arrependimento v\u00e1lido, as presta\u00e7\u00f5es recebidas por ambas as partes devem ser devolvidas e, se aplic\u00e1vel, os benef\u00edcios obtidos (por exemplo, juros) devem ser restitu\u00eddos. Se voc\u00ea n\u00e3o puder devolver a presta\u00e7\u00e3o recebida e os benef\u00edcios (por exemplo, vantagens de uso), total ou parcialmente, ou apenas em estado deteriorado, dever\u00e1 indenizar-nos pelo valor correspondente. Voc\u00ea s\u00f3 dever\u00e1 indenizar pela deteriora\u00e7\u00e3o do produto e pelos benef\u00edcios obtidos na medida em que o uso ou a deteriora\u00e7\u00e3o se devam a um manuseio que v\u00e1 al\u00e9m da verifica\u00e7\u00e3o das caracter\u00edsticas e do funcionamento. Por \u201cverifica\u00e7\u00e3o das caracter\u00edsticas e do funcionamento\u201d entende-se testar e experimentar o respetivo produto, como \u00e9 poss\u00edvel e habitual, por exemplo, em uma loja f\u00edsica.   <\/p>\n<p>Produtos que podem ser enviados por encomenda devem ser devolvidos por sua conta e risco. Voc\u00ea deve arcar com os custos regulares da devolu\u00e7\u00e3o, se a mercadoria entregue corresponder \u00e0 encomendad <\/p>\n<p>As obriga\u00e7\u00f5es de reembolso devem ser cumpridas no prazo de 30 dias. O prazo come\u00e7a para voc\u00ea com o envio da sua declara\u00e7\u00e3o de arrependimento ou do produto; para n\u00f3s, com o respetivo recebimento. <\/p>\n<\/div>\n<h3>Fim das instru\u00e7\u00f5es sobre arrependimento<\/h3>\n<ol>\n<li>A apresenta\u00e7\u00e3o dos produtos nos nossos dom\u00ednios n\u00e3o constitui uma oferta vinculativa do fornecedor para a celebra\u00e7\u00e3o de um contrato. As nossas ofertas est\u00e3o sujeitas a disponibilidade e n\u00e3o s\u00e3o vinculativas. Um contrato \u00e9 celebrado mediante o seu pedido e a nossa aceita\u00e7\u00e3o. Um pedido vinculativo dos produtos contidos no carrinho \u00e9 feito por meio do envio eletr\u00f4nico do formul\u00e1rio de pedido online preenchido na loja virtual.   <\/li>\n<li>Confirmamos o recebimento do pedido enviando um e-mail de confirma\u00e7\u00e3o. Essa confirma\u00e7\u00e3o de pedido ainda n\u00e3o constitui a aceita\u00e7\u00e3o da oferta contratual por nossa parte. Ela serve apenas para informar a cliente de que o pedido foi recebido por n\u00f3s. A declara\u00e7\u00e3o de aceita\u00e7\u00e3o da oferta contratual ocorre por meio de uma declara\u00e7\u00e3o expressa de aceita\u00e7\u00e3o, no mais tardar, por\u00e9m, com a entrega da mercadoria encomendada. Voc\u00ea fica vinculada ao seu pedido por duas semanas \u2013 independentemente do direito de arrependimento aplic\u00e1vel ao consumidor em pedidos.    <\/li>\n<li>N\u00e3o somos obrigados a aceitar pedidos online. A decis\u00e3o fica a nosso crit\u00e9rio. Em princ\u00edpio, os artigos s\u00e3o fornecidos apenas em quantidades usuais para uso dom\u00e9stico.  <\/li>\n<li>O texto do contrato n\u00e3o \u00e9 armazenado por n\u00f3s em pedidos online. Voc\u00ea pode salv\u00e1-lo, por exemplo, usando a fun\u00e7\u00e3o de impress\u00e3o do seu navegador, por captura de tela ou convertendo o texto do contrato para o formato PDF. Os dados de cadastro e do pedido (itens, quantidades, pre\u00e7os, forma de pagamento, endere\u00e7o de faturamento e entrega, data\/hora do pedido) s\u00e3o armazenados na sua conta pessoal (\u201cMinha conta\u201d). Com seus dados de login, voc\u00ea pode acessar sua conta a qualquer momento e, assim, imprimir pedidos com todos os dados inseridos. Quanto ao tratamento de todos os dados de clientes, aplicam-se as diretrizes de privacidade separadas.    <\/li>\n<\/ol>\n<h3>Informa\u00e7\u00f5es sobre o direito de arrependimento:<\/h3>\n<ol>\n<li>Seu direito legal de arrependimento (ver \u00a7 3.4) n\u00e3o \u00e9 afetado pelo cumprimento da nossa regra sobre o direito contratual de devolu\u00e7\u00e3o complementar, concedido voluntariamente, e permanece v\u00e1lido independentemente disso. At\u00e9 o t\u00e9rmino do prazo do direito legal de arrependimento, aplicam-se exclusivamente as condi\u00e7\u00f5es legais ali indicadas. O direito contratual de devolu\u00e7\u00e3o concedido voluntariamente tamb\u00e9m n\u00e3o limita seus direitos legais de garantia.  <\/li>\n<\/ol>\n<h2>\u00a7 4 Execu\u00e7\u00e3o da entrega; prazos de entrega; transfer\u00eancia de risco<\/h2>\n<ol>\n<li>A entrega da mercadoria \u00e9 realizada pela anti-aging-collagen ou por um parceiro de envio contratado por n\u00f3s.<\/li>\n<li>Prazos de entrega que n\u00e3o tenham sido expressamente indicados como vinculativos s\u00e3o apenas informa\u00e7\u00f5es n\u00e3o vinculativas.<\/li>\n<li>O in\u00edcio do prazo de entrega pressup\u00f5e o esclarecimento de todas as quest\u00f5es e, no caso de pagamento antecipado, o recebimento pontual dos adiantamentos acordados. Se ocorrer um atraso devido \u00e0 amplia\u00e7\u00e3o do escopo de entrega, poderemos indicar uma nova data de entrega, informando os motivos. <\/li>\n<li>Se tivermos adquirido a mercadoria de um fornecedor (celebra\u00e7\u00e3o de um neg\u00f3cio de cobertura congruente) e formos deixados na m\u00e3o pelo nosso fornecedor, poderemos rescindir o contrato, desde que n\u00e3o sejamos respons\u00e1veis pelo impedimento de presta\u00e7\u00e3o resultante.<\/li>\n<li>Voc\u00ea s\u00f3 pode rescindir o contrato por atraso na entrega, sem preju\u00edzo de outros requisitos legais, se formos respons\u00e1veis por esse atraso.<\/li>\n<li>Em caso de for\u00e7a maior e outros eventos imprevis\u00edveis, extraordin\u00e1rios e n\u00e3o culposos \u2013 por exemplo, dificuldades na obten\u00e7\u00e3o de materiais e interrup\u00e7\u00f5es operacionais n\u00e3o apenas tempor\u00e1rias, greve, lockout, falta de meios de transporte, interven\u00e7\u00f5es de autoridades, dificuldades no fornecimento de energia etc., inclusive quando ocorram em fornecedores anteriores \u2013 o prazo de entrega ser\u00e1 prorrogado em medida razo\u00e1vel, se isso nos impedir de cumprir nossas obriga\u00e7\u00f5es em tempo h\u00e1bil. Se as circunst\u00e2ncias mencionadas tornarem a entrega imposs\u00edvel ou inexig\u00edvel, poderemos rescindir o contrato. Voc\u00ea tem o mesmo direito se n\u00e3o for razo\u00e1vel exigir que mantenha o contrato. No entanto, s\u00f3 invocaremos as circunst\u00e2ncias mencionadas se voc\u00ea tiver sido notificada imediatamente.<\/li>\n<li>Temos o direito de realizar entregas parciais, desde que isso seja razo\u00e1vel para voc\u00ea.<\/li>\n<li>O risco de perda acidental e de deteriora\u00e7\u00e3o acidental da mercadoria passa para voc\u00ea com a entrega da mercadoria. Considera-se equivalente \u00e0 entrega se voc\u00ea estiver em mora de aceita\u00e7\u00e3o. Se voc\u00ea estiver em mora de aceita\u00e7\u00e3o, temos o direito de exigir indeniza\u00e7\u00e3o pelos danos incorridos, desde que voc\u00ea seja respons\u00e1vel pela mora de aceita\u00e7\u00e3o.  <\/li>\n<\/ol>\n<h2>\u00a7 5 Reserva de propriedade<\/h2>\n<ol>\n<li>At\u00e9 o pagamento integral do pre\u00e7o de compra ou at\u00e9 o pagamento da \u00faltima parcela do pre\u00e7o de compra, a mercadoria permanece propriedade do titular do cr\u00e9dito. Condicionado suspensivamente ao pagamento integral do pre\u00e7o de compra ou da \u00faltima parcela do pre\u00e7o de compra, a propriedade da mercadoria \u00e9 transferida automaticamente para a cliente. At\u00e9 l\u00e1, ela tem um direito expectativo \u00e0 transfer\u00eancia da propriedade.  <\/li>\n<li>Antes da transfer\u00eancia da propriedade, n\u00e3o \u00e9 permitida, sem o consentimento do propriet\u00e1rio, a constitui\u00e7\u00e3o de penhor, a transfer\u00eancia de propriedade a t\u00edtulo de garantia, a modifica\u00e7\u00e3o ou qualquer outra disposi\u00e7\u00e3o que coloque em risco a propriedade reservada. Se um artigo for penhorado ou apreendido, a cliente deve informar-nos imediatamente por escrito. Al\u00e9m disso, a cliente \u00e9 obrigada a informar o terceiro de que os artigos em quest\u00e3o s\u00e3o propriedade da anti-aging-collagen ou do titular do cr\u00e9dito.  <\/li>\n<\/ol>\n<h2>\u00a7 6 Resgate de cupons promocionais<\/h2>\n<ol>\n<li>Cupons promocionais s\u00e3o emitidos por n\u00f3s voluntariamente no \u00e2mbito de campanhas publicit\u00e1rias e n\u00e3o podem ser adquiridos por compra. Cupons promocionais s\u00f3 podem ser resgatados uma \u00fanica vez durante um processo de pedido na nossa loja virtual. N\u00e3o \u00e9 poss\u00edvel combinar v\u00e1rios cupons promocionais entre si.  <\/li>\n<li>Cupons promocionais s\u00e3o v\u00e1lidos exclusivamente nas condi\u00e7\u00f5es indicadas no respetivo cupom (valor do cupom, escopo da promo\u00e7\u00e3o, per\u00edodo de validade, transferibilidade etc.). Algumas marcas podem ser exclu\u00eddas da promo\u00e7\u00e3o do cupom. <\/li>\n<li>Para resgatar o cupom promocional, o valor da compra deve ser, no m\u00ednimo, igual ao valor do cupom promocional. Voc\u00ea s\u00f3 pode resgatar cupons promocionais antes de concluir o processo de pedido. N\u00e3o \u00e9 poss\u00edvel compensa\u00e7\u00e3o posterior, cr\u00e9dito, pagamento em dinheiro, pagamento do saldo restante ou juros.  <\/li>\n<li>Se o cr\u00e9dito do cupom promocional n\u00e3o for suficiente para o pedido, a diferen\u00e7a pode ser paga com as formas de pagamento que oferecemos (ver \u00a7 9).<\/li>\n<li>Se a mercadoria encomendada for devolvida por voc\u00ea total ou parcialmente, n\u00e3o haver\u00e1 reembolso do valor do cupom, desde que n\u00e3o tenha sido prestada nenhuma contrapresta\u00e7\u00e3o por isso.<\/li>\n<\/ol>\n<h2>\u00a7 7 Pre\u00e7os e custos de envio<\/h2>\n<p>Aplicam-se os pre\u00e7os indicados na oferta no momento do pedido. Salvo disposi\u00e7\u00e3o em contr\u00e1rio no acordo de pre\u00e7o, nossos pre\u00e7os s\u00e3o \u201cex works\u201d, excluindo custos de envio. Os custos de envio s\u00e3o indicados separadamente. Nossos pre\u00e7os incluem o imposto sobre valor agregado vigente no momento da emiss\u00e3o da fatura. Os custos de envio vencem juntamente com o pre\u00e7o de compra ou com a primeira parcela do pre\u00e7o de compra.    <\/p>\n<h2>\u00a7 9 Formas e condi\u00e7\u00f5es de pagamento<\/h2>\n<ol>\n<li>Em princ\u00edpio, oferecemos a possibilidade de compra imediata. As formas de pagamento dispon\u00edveis s\u00e3o pagamento por transfer\u00eancia banc\u00e1ria. Reservamo-nos o direito, a cada pedido, de n\u00e3o oferecer determinadas formas de pagamento e de indicar outras formas de pagamento. O envio \u00e9 feito ap\u00f3s a confirma\u00e7\u00e3o do pagamento.   <\/li>\n<li>Direitos de compensa\u00e7\u00e3o e de reten\u00e7\u00e3o s\u00f3 lhe assistem se suas contrarreivindica\u00e7\u00f5es tiverem sido reconhecidas por decis\u00e3o judicial transitada em julgado, forem incontestadas ou reconhecidas por n\u00f3s. Al\u00e9m disso, voc\u00ea tamb\u00e9m tem direito de reten\u00e7\u00e3o na medida em que sua contrarreivindica\u00e7\u00e3o decorra da mesma rela\u00e7\u00e3o contratual e esteja em propor\u00e7\u00e3o adequada com a nossa reivindica\u00e7\u00e3o. <\/li>\n<\/ol>\n<p>\u00a7 10 Defeitos<\/p>\n<ol>\n<li>Se a mercadoria apresentar um defeito no momento da transfer\u00eancia do risco, prestaremos o cumprimento posterior, a nosso crit\u00e9rio, por meio de reparo ou substitui\u00e7\u00e3o.<\/li>\n<li>O local de cumprimento do cumprimento posterior \u00e9 a sede comercial da anti-aging-collagen. A anti-aging-collagen n\u00e3o \u00e9 obrigada a reembolsar custos de transporte incorridos por voc\u00ea como despesas para fins de cumprimento posterior, na medida em que as despesas aumentem porque a mercadoria foi posteriormente levada para um local diferente do local de recebimento. <\/li>\n<li>Se o cumprimento posterior falhar, voc\u00ea tem, \u00e0 sua escolha, sob os requisitos legais, o direito \u00e0 redu\u00e7\u00e3o do pre\u00e7o ou \u00e0 rescis\u00e3o do contrato. Para reivindica\u00e7\u00f5es de indeniza\u00e7\u00e3o por danos decorrentes de defeitos, aplica-se o \u00a7 1! abaixo. Outras reivindica\u00e7\u00f5es da cliente est\u00e3o exclu\u00eddas.<\/li>\n<li>Reparo ou substitui\u00e7\u00e3o s\u00e3o realizados pela anti-aging-collagen, em princ\u00edpio, por cortesia e sem reconhecimento de obriga\u00e7\u00e3o legal. Um reconhecimento com o efeito de rein\u00edcio do prazo de prescri\u00e7\u00e3o s\u00f3 existe se a anti-aging-collagen o declarar expressamente perante a cliente. Com exce\u00e7\u00e3o de um reconhecimento expresso, n\u00e3o se inicia nova prescri\u00e7\u00e3o com o reparo ou a substitui\u00e7\u00e3o. Isso n\u00e3o implica ren\u00fancia aos direitos legais por defeitos.   <\/li>\n<li>Com eventuais acordos sobre as caracter\u00edsticas da mercadoria, a anti-aging-collagen n\u00e3o assume garantia nem qualquer outro risco de qualidade nos termos da lei.<\/li>\n<li>N\u00e3o existem reivindica\u00e7\u00f5es por defeitos em raz\u00e3o de danos que surjam ap\u00f3s a transfer\u00eancia do risco devido a manuseio inadequado ou negligente, uso excessivo ou inadequado, ou desgaste natural da mercadoria, desde que n\u00e3o tenham sido causados pela anti-aging-collagen.<\/li>\n<\/ol>\n<h2>\u00a7 11 Responsabilidade<\/h2>\n<ol>\n<li>N\u00e3o nos responsabilizamos por indeniza\u00e7\u00e3o por danos e reembolso de despesas, seja qual for o fundamento jur\u00eddico, em especial n\u00e3o por indeniza\u00e7\u00e3o por danos devido a defeitos, outras viola\u00e7\u00f5es de deveres ou ato il\u00edcito. Excluem-se disso danos decorrentes de les\u00e3o \u00e0 vida, ao corpo ou \u00e0 sa\u00fade, pelos quais sejamos respons\u00e1veis, e outros danos que se baseiem em viola\u00e7\u00e3o intencional ou por neglig\u00eancia grave de dever por nossa parte ou em uma garantia por n\u00f3s declarada. Tamb\u00e9m se excluem danos pelos quais respondamos nos termos da Lei de Responsabilidade por Produtos, ou que se devam a viola\u00e7\u00e3o culposa de obriga\u00e7\u00f5es contratuais essenciais. Obriga\u00e7\u00f5es contratuais essenciais s\u00e3o, em especial, aquelas cujo cumprimento torna poss\u00edvel a execu\u00e7\u00e3o adequada do contrato e em cuja observ\u00e2ncia a cliente regularmente confia e pode confiar. No entanto, nossa responsabilidade por viola\u00e7\u00e3o de obriga\u00e7\u00f5es contratuais essenciais limita-se ao dano previs\u00edvel e tipicamente esperado, desde que n\u00e3o respondamos por dolo ou neglig\u00eancia grave, les\u00e3o \u00e0 vida, ao corpo ou \u00e0 sa\u00fade, ou nos termos da Lei de Responsabilidade por Produtos.    <\/li>\n<li>A comunica\u00e7\u00e3o de dados pela internet n\u00e3o pode, de acordo com o estado atual da t\u00e9cnica, ser garantida como livre de erros e\/ou dispon\u00edvel a qualquer momento. Portanto, a anti-aging-collagen n\u00e3o se responsabiliza nem pela disponibilidade constante e ininterrupta da loja virtual, nem por erros t\u00e9cnicos e eletr\u00f4nicos durante um processo de pedido sobre os quais a anti-aging-collagen n\u00e3o tenha influ\u00eancia. Se forem criados links para outros sites ou fontes, a anti-aging-collagen n\u00e3o \u00e9 respons\u00e1vel nem responde pela disponibilidade desses sites ou fontes externas. A anti-aging-collagen n\u00e3o adota como seus os conte\u00fados acess\u00edveis nesses sites ou fontes e exclui qualquer responsabilidade ou garantia em rela\u00e7\u00e3o a eles, desde que, no caso concreto, n\u00e3o haja conhecimento positivo da ilegalidade dos conte\u00fados.   <\/li>\n<li>A viola\u00e7\u00e3o de dever por nossos representantes legais ou por nossos auxiliares de cumprimento equivale a uma viola\u00e7\u00e3o de dever por n\u00f3s. Na medida em que nossa responsabilidade esteja exclu\u00edda ou limitada conforme \u00a7 11.1 e \u00a7 11.2, isso tamb\u00e9m se aplica \u00e0 responsabilidade pessoal de nossos representantes legais e auxiliares de cumprimento. <\/li>\n<li>As regras acima n\u00e3o implicam altera\u00e7\u00e3o do \u00f4nus da prova.<\/li>\n<\/ol>\n<h2>\u00a7 12<\/h2>\n<ol>\n<li>O contrato \u00e9 regido pelo direito alem\u00e3o, com exclus\u00e3o da Conven\u00e7\u00e3o das Na\u00e7\u00f5es Unidas sobre Contratos de Compra e Venda Internacional de Mercadorias (CISG).<\/li>\n<li>Se, ap\u00f3s a celebra\u00e7\u00e3o do contrato, a cliente transferir seu domic\u00edlio ou resid\u00eancia habitual para o exterior, ou se seu domic\u00edlio ou local de resid\u00eancia habitual n\u00e3o for conhecido no momento da propositura judicial das nossas reivindica\u00e7\u00f5es, a sede da nossa empresa ser\u00e1 o foro competente.<\/li>\n<li>Salvo disposi\u00e7\u00e3o em contr\u00e1rio no contrato, a sede da nossa empresa \u00e9 o local de cumprimento.<\/li>\n<li>Se disposi\u00e7\u00f5es individuais forem ou se tornarem inv\u00e1lidas, isso n\u00e3o afetar\u00e1 a validade das demais disposi\u00e7\u00f5es.<\/li>\n<\/ol>\n<\/div>\n<\/div>\n<\/div>\n<\/div>\n","protected":false},"excerpt":{"rendered":"<p>Condi\u00e7\u00f5es Gerais de Venda Condi\u00e7\u00f5es Gerais de Venda (CGV): \u00a7 1 \u00c2mbito de aplica\u00e7\u00e3o e finalidade comercial \u00a7 2 Condi\u00e7\u00f5es de uso \u00a7 3 Celebra\u00e7\u00e3o do contrato; direito de arrependimento \u00a7 4 Execu\u00e7\u00e3o da entrega; prazos de entrega; transfer\u00eancia de risco \u00a7 5 Reserva de propriedade \u00a7 6 Resgate de cupons promocionais \u00a7 7 Pre\u00e7os [&hellip;]<\/p>\n","protected":false},"author":1,"featured_media":0,"parent":0,"menu_order":0,"comment_status":"closed","ping_status":"closed","template":"","meta":{"footnotes":""},"class_list":["post-831","page","type-page","status-publish","hentry"],"aioseo_notices":[],"_links":{"self":[{"href":"https:\/\/kollagen-inventia.de\/pt-br\/wp-json\/wp\/v2\/pages\/831","targetHints":{"allow":["GET"]}}],"collection":[{"href":"https:\/\/kollagen-inventia.de\/pt-br\/wp-json\/wp\/v2\/pages"}],"about":[{"href":"https:\/\/kollagen-inventia.de\/pt-br\/wp-json\/wp\/v2\/types\/page"}],"author":[{"embeddable":true,"href":"https:\/\/kollagen-inventia.de\/pt-br\/wp-json\/wp\/v2\/users\/1"}],"replies":[{"embeddable":true,"href":"https:\/\/kollagen-inventia.de\/pt-br\/wp-json\/wp\/v2\/comments?post=831"}],"version-history":[{"count":0,"href":"https:\/\/kollagen-inventia.de\/pt-br\/wp-json\/wp\/v2\/pages\/831\/revisions"}],"wp:attachment":[{"href":"https:\/\/kollagen-inventia.de\/pt-br\/wp-json\/wp\/v2\/media?parent=831"}],"curies":[{"name":"wp","href":"https:\/\/api.w.org\/{rel}","templated":true}]}}