{"id":827,"date":"2018-02-16T10:48:05","date_gmt":"2018-02-16T10:48:05","guid":{"rendered":"https:\/\/kollagen-inventia.de\/formas-de-pagamento-envio"},"modified":"2018-02-16T10:48:05","modified_gmt":"2018-02-16T10:48:05","slug":"formas-de-pagamento-envio","status":"publish","type":"page","link":"https:\/\/kollagen-inventia.de\/pt-br\/formas-de-pagamento-envio","title":{"rendered":"Formas de pagamento &amp; envio"},"content":{"rendered":"<h3>Formas de pagamento<\/h3>\n<ul>\n<li class=\"payment_method_bacs\"><strong>PayPal<\/strong>\n<div class=\"payment_box payment_method_bacs\">\n<div class=\"payment_box payment_method_bacs\">Paga de forma r\u00e1pida e segura via PayPal.<\/div>\n<\/div>\n<\/li>\n<li class=\"payment_method_bacs\"><strong>Cart\u00e3o de cr\u00e9dito<\/strong>\n<div class=\"payment_box payment_method_cod\">Paga de forma simples e segura com cart\u00e3o de cr\u00e9dito. Teus dados s\u00e3o criptografados e n\u00e3o s\u00e3o armazenados. <\/div>\n<\/li>\n<li class=\"payment_method_bacs\"><strong>Transfer\u00eancia banc\u00e1ria<\/strong>\n<div class=\"payment_box payment_method_bacs\">Faz a transfer\u00eancia diretamente para a nossa conta banc\u00e1ria. Usa o n\u00famero do pedido como refer\u00eancia. O pedido s\u00f3 ser\u00e1 enviado ap\u00f3s o valor cair na nossa conta.  <\/div>\n<\/li>\n<li><strong>Pagamento na entrega<\/strong>\n<div class=\"payment_box payment_method_cod\">Paga na entrega. (Dispon\u00edvel apenas para envios dentro da Alemanha) <span class=\"amount\">4,00 \u20ac<\/span> de taxa de pagamento. <\/div>\n<\/li>\n<li><strong>D\u00e9bito em conta<\/strong>\n<div class=\"payment_box payment_method_bacs\">\n<div class=\"payment_box payment_method_bacs\">Paga facilmente por d\u00e9bito em conta. Um servi\u00e7o do PayPal; n\u00e3o precisas de uma conta PayPal. <\/div>\n<div>\n<hr>\n<\/div>\n<\/div>\n<div>\n<h3 class=\"article__title title--md\">Como funciona o envio na anti-aging-collagen.de?<\/h3>\n<div class=\"article__body\">\n<p>Enviamos o teu pedido com a DHL. Um pedido na amond.de s\u00f3 pode ser entregue em um endere\u00e7o de entrega na UE. <\/p>\n<p dir=\"ltr\"><strong>Quando o meu pedido chega?<\/strong><br \/>\nAssim que um pacote for enviado, recebes uma confirma\u00e7\u00e3o de envio por e-mail. Com o n\u00famero de rastreio de um pacote DHL inclu\u00eddo, podes acompanhar o envio a qualquer momento. Para encomendas DHL P\u00e4ckchen n\u00e3o h\u00e1 n\u00famero de rastreio.  <\/p>\n<p dir=\"ltr\"><strong>Prazo padr\u00e3o de entrega:<\/strong> 2\u20134 dias \u00fateis (segunda a sexta)<\/p>\n<p dir=\"ltr\"><strong>Preciso pagar alguma coisa?<\/strong><br \/>\nPara o nosso envio padr\u00e3o, dentro da Alemanha \u00e9 cobrada uma taxa de envio de 4,- euros. Para envios para outros pa\u00edses da UE, cobramos uma taxa de 10,- euros. <\/p>\n<p dir=\"ltr\"><strong>Entrega em uma DHL Packstation<\/strong><br \/>\nSe quiseres, tamb\u00e9m podes escolher Packstations ou PaketShops como locais de entrega.<\/p>\n<\/div>\n<\/div>\n<\/li>\n<\/ul>\n<p><!--noadsense--><\/p>\n","protected":false},"excerpt":{"rendered":"<p>Formas de pagamento PayPal Paga de forma r\u00e1pida e segura via PayPal. Cart\u00e3o de cr\u00e9dito Paga de forma simples e segura com cart\u00e3o de cr\u00e9dito. Teus dados s\u00e3o criptografados e n\u00e3o s\u00e3o armazenados. Transfer\u00eancia banc\u00e1ria Faz a transfer\u00eancia diretamente para a nossa conta banc\u00e1ria. Usa o n\u00famero do pedido como refer\u00eancia. O pedido s\u00f3 ser\u00e1 [&hellip;]<\/p>\n","protected":false},"author":1,"featured_media":0,"parent":0,"menu_order":0,"comment_status":"closed","ping_status":"closed","template":"","meta":{"footnotes":""},"class_list":["post-827","page","type-page","status-publish","hentry"],"aioseo_notices":[],"_links":{"self":[{"href":"https:\/\/kollagen-inventia.de\/pt-br\/wp-json\/wp\/v2\/pages\/827","targetHints":{"allow":["GET"]}}],"collection":[{"href":"https:\/\/kollagen-inventia.de\/pt-br\/wp-json\/wp\/v2\/pages"}],"about":[{"href":"https:\/\/kollagen-inventia.de\/pt-br\/wp-json\/wp\/v2\/types\/page"}],"author":[{"embeddable":true,"href":"https:\/\/kollagen-inventia.de\/pt-br\/wp-json\/wp\/v2\/users\/1"}],"replies":[{"embeddable":true,"href":"https:\/\/kollagen-inventia.de\/pt-br\/wp-json\/wp\/v2\/comments?post=827"}],"version-history":[{"count":0,"href":"https:\/\/kollagen-inventia.de\/pt-br\/wp-json\/wp\/v2\/pages\/827\/revisions"}],"wp:attachment":[{"href":"https:\/\/kollagen-inventia.de\/pt-br\/wp-json\/wp\/v2\/media?parent=827"}],"curies":[{"name":"wp","href":"https:\/\/api.w.org\/{rel}","templated":true}]}}