{"id":823,"date":"2018-02-16T12:46:33","date_gmt":"2018-02-16T12:46:33","guid":{"rendered":"https:\/\/kollagen-inventia.de\/sobre-a-inventia"},"modified":"2018-02-16T12:46:33","modified_gmt":"2018-02-16T12:46:33","slug":"sobre-a-inventia","status":"publish","type":"page","link":"https:\/\/kollagen-inventia.de\/pt-br\/sobre-a-inventia","title":{"rendered":"sobre a Inventia"},"content":{"rendered":"<h2>Informa\u00e7\u00f5es sobre a Inventia Polish Technologies Sp. z o.o.<\/h2>\n<div>A miss\u00e3o da Inventia \u00e9 produzir cosm\u00e9ticos e suplementos alimentares de alta qualidade, seguros para a sa\u00fade, \u00e0 base de <a href=\"https:\/\/kollagen-inventia.de\/pt-br\/loja\" data-link-type=\"tree\" data-type=\"linkpicker\">col\u00e1geno de peixe<\/a> natural, em total harmonia com o meio ambiente. Essa miss\u00e3o \u00e9 alcan\u00e7ada por meio do empenho di\u00e1rio na satisfa\u00e7\u00e3o das clientes, da capacita\u00e7\u00e3o cont\u00ednua das colaboradoras e colaboradores e da constru\u00e7\u00e3o de rela\u00e7\u00f5es amig\u00e1veis com parceiros de neg\u00f3cios.<\/div>\n<p>Inventia Polish Technologies Sp. z o.o. atua na produ\u00e7\u00e3o de col\u00e1geno natural de peixe, al\u00e9m de <strong>cosm\u00e9ticos inovadores e suplementos alimentares de alta qualidade.<\/strong><\/p>\n<p>A alta qualidade dos produtos \u00e9 garantida pela implementa\u00e7\u00e3o e melhoria cont\u00ednua do Sistema Integrado de Gest\u00e3o, pela cria\u00e7\u00e3o de uma estrutura organizacional adequada, pelo planejamento e monitoramento anual das metas do ano em quest\u00e3o, pelo cumprimento das exig\u00eancias legais vigentes e pela observ\u00e2ncia rigorosa dos requisitos das seguintes normas:<\/p>\n<ul>\n<li>PN-EN ISO 9001:2009 \u201cSistemas de gest\u00e3o da qualidade. Requisitos\u201d.<\/li>\n<li>PN-EN ISO 22000:2006 \u201cSistemas de gest\u00e3o da seguran\u00e7a de alimentos. Requisitos para todas as organiza\u00e7\u00f5es que fazem parte da cadeia alimentar\u201d.<\/li>\n<li>PN-EN ISO 22716:2009 \u201cCosm\u00e9ticos. Boas Pr\u00e1ticas de Fabrica\u00e7\u00e3o (GMP). Guia de Boas Pr\u00e1ticas de Fabrica\u00e7\u00e3o\u201d.<\/li>\n<\/ul>\n<p>&nbsp;<\/p>\n<p>Inventia Polish Technologies Sp. z o.o. foi fundada em 2003. O primeiro produto desenvolvido por ela foi o <a href=\"https:\/\/kollagen-inventia.de\/pt-br\/produkt\/natural-collagen-inventia-face-gel-30ml-serum-anti-idade\" data-link-type=\"external\" data-type=\"linkpicker\">Col\u00e1geno Natural Inventia\u00ae<\/a>. Com o tempo, a oferta da empresa foi ampliada com outros cosm\u00e9ticos de alta qualidade \u00e0 base de col\u00e1geno natural nativo.<\/p>\n<p><a href=\"https:\/\/kollagen-inventia.de\/pt-br\/para-cosmeticos-e-saloes-de-beleza\" data-link-type=\"tree\" data-type=\"linkpicker\">Produtos cosm\u00e9ticos Natural Collagen Inventia na Alemanha<\/a><\/p>\n<figure id=\"attachment_287\" aria-describedby=\"caption-attachment-287\" style=\"width: 648px\" class=\"wp-caption aligncenter\"><img loading=\"lazy\" decoding=\"async\" class=\"size-full wp-image-287\" src=\"https:\/\/kollagen-inventia.de\/wp-content\/uploads\/2018\/03\/ISO_Zertifikat_Inventia.jpg\" alt=\"Certificado ISO da Inventia\" width=\"648\" height=\"298\" srcset=\"https:\/\/kollagen-inventia.de\/wp-content\/uploads\/2018\/03\/ISO_Zertifikat_Inventia.jpg 648w, https:\/\/kollagen-inventia.de\/wp-content\/uploads\/2018\/03\/ISO_Zertifikat_Inventia-300x138.jpg 300w, https:\/\/kollagen-inventia.de\/wp-content\/uploads\/2018\/03\/ISO_Zertifikat_Inventia-600x276.jpg 600w\" sizes=\"auto, (max-width: 648px) 100vw, 648px\" \/><figcaption id=\"caption-attachment-287\" class=\"wp-caption-text\">Certificado ISO da Inventia<\/figcaption><\/figure>\n<p>&nbsp;<\/p>\n<p>&nbsp;<br \/>\n<!--noadsense--><\/p>\n","protected":false},"excerpt":{"rendered":"<p>Informa\u00e7\u00f5es sobre a Inventia Polish Technologies Sp. z o.o. A miss\u00e3o da Inventia \u00e9 produzir cosm\u00e9ticos e suplementos alimentares de alta qualidade, seguros para a sa\u00fade, \u00e0 base de col\u00e1geno de peixe natural, em total harmonia com o meio ambiente. Essa miss\u00e3o \u00e9 alcan\u00e7ada por meio do empenho di\u00e1rio na satisfa\u00e7\u00e3o das clientes, da capacita\u00e7\u00e3o [&hellip;]<\/p>\n","protected":false},"author":1,"featured_media":820,"parent":0,"menu_order":0,"comment_status":"closed","ping_status":"closed","template":"","meta":{"footnotes":""},"class_list":["post-823","page","type-page","status-publish","has-post-thumbnail","hentry"],"aioseo_notices":[],"_links":{"self":[{"href":"https:\/\/kollagen-inventia.de\/pt-br\/wp-json\/wp\/v2\/pages\/823","targetHints":{"allow":["GET"]}}],"collection":[{"href":"https:\/\/kollagen-inventia.de\/pt-br\/wp-json\/wp\/v2\/pages"}],"about":[{"href":"https:\/\/kollagen-inventia.de\/pt-br\/wp-json\/wp\/v2\/types\/page"}],"author":[{"embeddable":true,"href":"https:\/\/kollagen-inventia.de\/pt-br\/wp-json\/wp\/v2\/users\/1"}],"replies":[{"embeddable":true,"href":"https:\/\/kollagen-inventia.de\/pt-br\/wp-json\/wp\/v2\/comments?post=823"}],"version-history":[{"count":0,"href":"https:\/\/kollagen-inventia.de\/pt-br\/wp-json\/wp\/v2\/pages\/823\/revisions"}],"wp:featuredmedia":[{"embeddable":true,"href":"https:\/\/kollagen-inventia.de\/pt-br\/wp-json\/wp\/v2\/media\/820"}],"wp:attachment":[{"href":"https:\/\/kollagen-inventia.de\/pt-br\/wp-json\/wp\/v2\/media?parent=823"}],"curies":[{"name":"wp","href":"https:\/\/api.w.org\/{rel}","templated":true}]}}