{"id":821,"date":"2018-02-16T13:14:53","date_gmt":"2018-02-16T13:14:53","guid":{"rendered":"https:\/\/kollagen-inventia.de\/o-que-e-colageno"},"modified":"2018-02-16T13:14:53","modified_gmt":"2018-02-16T13:14:53","slug":"o-que-e-colageno","status":"publish","type":"page","link":"https:\/\/kollagen-inventia.de\/pt-br\/o-que-e-colageno","title":{"rendered":"O que \u00e9 col\u00e1geno?"},"content":{"rendered":"<h2>Por que o col\u00e1geno \u00e9 t\u00e3o importante para a nossa pele?<\/h2>\n<p>O col\u00e1geno \u00e9 uma prote\u00edna do tecido conjuntivo que representa cerca de 30% da massa total de todas as prote\u00ednas no corpo dos mam\u00edferos. O col\u00e1geno \u00e9 o biopol\u00edmero mais importante dos organismos vivos e desempenha um papel muito importante no funcionamento do organismo. <strong>Essa prote\u00edna fibrilar do tecido conjuntivo forma 70% da pele<\/strong> e tamb\u00e9m \u00e9 um componente indispens\u00e1vel das cartilagens e dos ossos humanos, de todos os \u00f3rg\u00e3os internos e das paredes dos vasos sangu\u00edneos. Suas propriedades f\u00edsicas e qu\u00edmicas \u00fanicas s\u00e3o respons\u00e1veis pela firmeza e elasticidade da pele e garantem a transmiss\u00e3o de for\u00e7a por meio dos tend\u00f5es.  <\/p>\n<h2>Ap\u00f3s os 25 anos, o col\u00e1geno passa a ser degradado cada vez mais<\/h2>\n<p>Isso leva a muitas mudan\u00e7as desfavor\u00e1veis. Essas mudan\u00e7as ficam especialmente evidentes na pele, que perde firmeza, elasticidade e maciez. Al\u00e9m disso, ao mesmo tempo ocorre a perda de hidrata\u00e7\u00e3o da pele e, com isso, a forma\u00e7\u00e3o de rugas. Gra\u00e7as \u00e0s propriedades valiosas do col\u00e1geno e ao seu papel importante no funcionamento do organismo, ele est\u00e1 constantemente no centro das aten\u00e7\u00f5es de m\u00e9dicos, bi\u00f3logos, biotecn\u00f3logos e cosmet\u00f3logos. As propriedades \u00fanicas do col\u00e1geno tornam esse biopol\u00edmero especialmente interessante para a produ\u00e7\u00e3o de materiais m\u00e9dicos como fios de sutura, filmes de col\u00e1geno, curativos de col\u00e1geno, membranas para transplante, pr\u00f3teses vasculares, esponjas de col\u00e1geno, c\u00e1psulas de medicamentos e, na cosm\u00e9tica, como anti-idade, ou seja, <strong>cosm\u00e9ticos antirrugas<\/strong>.    <\/p>\n<h2>Col\u00e1geno n\u00e3o \u00e9 tudo igual<\/h2>\n<p>At\u00e9 agora, essas formas de col\u00e1geno eram obtidas principalmente da pele bovina ou su\u00edna, o que \u00e9 perigoso devido ao risco de transmiss\u00e3o de doen\u00e7as (por exemplo, BSE) ou alergias. O col\u00e1geno dessas peles animais \u00e9 altamente reticulado, o que dificulta sua penetra\u00e7\u00e3o na pele humana. A penetra\u00e7\u00e3o na pele tamb\u00e9m \u00e9 imposs\u00edvel devido \u00e0 consist\u00eancia do produto. Al\u00e9m disso, os m\u00e9todos usados para extrair col\u00e1geno de bovinos e su\u00ednos s\u00e3o quimicamente agressivos, pois na produ\u00e7\u00e3o s\u00e3o utilizados \u00e1cidos muito fortes, o que faz com que o produto \u2014 ao contr\u00e1rio do original Natural Collagen Inventia\u00ae produzido a partir de peles de peixe \u2014 deixe de ser natural.   <\/p>\n<h2><strong>Natural Collagen Inventia\u00ae n\u00e3o cont\u00e9m agentes patog\u00eanicos<\/strong>!<\/h2>\n<p><a href=\"https:\/\/kollagen-inventia.de\/pt-br\/produkt\/natural-collagen-inventia-face-gel-serum-anti-idade-50-ml\" data-link-type=\"tree\" data-type=\"linkpicker\">O original Natural Collagen Inventia\u00ae<\/a> com col\u00e1geno natural tem a consist\u00eancia de um gel que \u00e9 facilmente absorvido pela pele e possui mais de 90% de col\u00e1geno na massa seca. O col\u00e1geno bioativo e natural \u00e9 obtido de peles de peixe, por isso n\u00e3o cont\u00e9m fatores patog\u00eanicos. Ele \u00e9 significativamente menos reticulado do que o col\u00e1geno presente nas peles bovinas e su\u00ednas. Assim, sua solubilidade \u00e9 muito maior e ele penetra bem na pele. Somente com esse tipo de col\u00e1geno \u00e9 poss\u00edvel alcan\u00e7ar um <strong>efeito anti-idade<\/strong>. Al\u00e9m disso, ele \u00e9 produzido por um processo inovador e totalmente natural, que mant\u00e9m a estrutura espacial e natural da tripla h\u00e9lice. Ao repor a falta de col\u00e1geno com um <strong>prote\u00edna id\u00eantica \u00e0 humana,<\/strong> nossa pele recebe os componentes de que precisa para formar col\u00e1geno, e nossos fibroblastos s\u00e3o estimulados a aumentar a s\u00edntese dessa prote\u00edna especial. A pele recupera a apar\u00eancia jovem, a firmeza e o brilho.       <\/p>\n<p>Al\u00e9m do col\u00e1geno natural, o produto original tamb\u00e9m cont\u00e9m outras prote\u00ednas valiosas, por exemplo, elastina. As propor\u00e7\u00f5es entre as prote\u00ednas s\u00e3o naturais e id\u00eanticas \u00e0s que foram determinadas pela natureza ao longo da evolu\u00e7\u00e3o, o que nos \u2014 organismos vivos \u2014 d\u00e1 a possibilidade de regenerar a nossa pele. <\/p>\n<h3><a href=\"https:\/\/kollagen-inventia.de\/natural-collagen-inventia-produkte\" data-link-type=\"tree\" data-type=\"linkpicker\">Compra agora o Natural Collagen Inventia com seguran\u00e7a e praticidade online &gt;&gt;&gt;<\/a><\/h3>\n","protected":false},"excerpt":{"rendered":"<p>Por que o col\u00e1geno \u00e9 t\u00e3o importante para a nossa pele? O col\u00e1geno \u00e9 uma prote\u00edna do tecido conjuntivo que representa cerca de 30% da massa total de todas as prote\u00ednas no corpo dos mam\u00edferos. O col\u00e1geno \u00e9 o biopol\u00edmero mais importante dos organismos vivos e desempenha um papel muito importante no funcionamento do organismo. [&hellip;]<\/p>\n","protected":false},"author":1,"featured_media":822,"parent":0,"menu_order":0,"comment_status":"closed","ping_status":"closed","template":"","meta":{"footnotes":""},"class_list":["post-821","page","type-page","status-publish","has-post-thumbnail","hentry"],"aioseo_notices":[],"_links":{"self":[{"href":"https:\/\/kollagen-inventia.de\/pt-br\/wp-json\/wp\/v2\/pages\/821","targetHints":{"allow":["GET"]}}],"collection":[{"href":"https:\/\/kollagen-inventia.de\/pt-br\/wp-json\/wp\/v2\/pages"}],"about":[{"href":"https:\/\/kollagen-inventia.de\/pt-br\/wp-json\/wp\/v2\/types\/page"}],"author":[{"embeddable":true,"href":"https:\/\/kollagen-inventia.de\/pt-br\/wp-json\/wp\/v2\/users\/1"}],"replies":[{"embeddable":true,"href":"https:\/\/kollagen-inventia.de\/pt-br\/wp-json\/wp\/v2\/comments?post=821"}],"version-history":[{"count":0,"href":"https:\/\/kollagen-inventia.de\/pt-br\/wp-json\/wp\/v2\/pages\/821\/revisions"}],"wp:featuredmedia":[{"embeddable":true,"href":"https:\/\/kollagen-inventia.de\/pt-br\/wp-json\/wp\/v2\/media\/822"}],"wp:attachment":[{"href":"https:\/\/kollagen-inventia.de\/pt-br\/wp-json\/wp\/v2\/media?parent=821"}],"curies":[{"name":"wp","href":"https:\/\/api.w.org\/{rel}","templated":true}]}}