{"id":819,"date":"2018-02-18T10:13:10","date_gmt":"2018-02-18T10:13:10","guid":{"rendered":"https:\/\/kollagen-inventia.de\/para-cosmeticos-e-saloes-de-beleza"},"modified":"2018-02-18T10:13:10","modified_gmt":"2018-02-18T10:13:10","slug":"para-cosmeticos-e-saloes-de-beleza","status":"publish","type":"page","link":"https:\/\/kollagen-inventia.de\/pt-br\/para-cosmeticos-e-saloes-de-beleza","title":{"rendered":"Para cosm\u00e9ticos e sal\u00f5es de beleza"},"content":{"rendered":"<h2>Torne-se parceiro de distribui\u00e7\u00e3o da Inventia na Alemanha\/\u00c1ustria.<\/h2>\n<p><strong>Somos a representa\u00e7\u00e3o autorizada, oficial e exclusiva da marca <a href=\"https:\/\/anti-aging-collagen.de\/epages\/39508a79-18ea-40d7-9fc3-afca5ad8e52e.sf\/de_DE\/?ObjectPath=\/Shops\/39508a79-18ea-40d7-9fc3-afca5ad8e52e\/Categories\/ueber_Inventia\" data-link-type=\"tree\" data-type=\"linkpicker\">Natural Collagen Inventia<\/a> para sal\u00f5es de beleza e est\u00e9tica na Alemanha. Voc\u00ea quer vender e\/ou distribuir produtos de col\u00e1geno Inventia no seu neg\u00f3cio? Voc\u00ea tem um sal\u00e3o de est\u00e9tica, sal\u00e3o de beleza ou similar e quer mimar suas clientes com produtos Inventia Natural Collagen?<\/strong><\/p>\n<p><strong>Entre em contato com a gente. Teremos prazer em fazer uma proposta para voc\u00ea:<\/strong><\/p>\n<h2><a href=\"https:\/\/kollagen-inventia.de\/kontakt\" data-link-type=\"tree\" data-type=\"linkpicker\"> &gt;&gt;  para o formul\u00e1rio de contato<\/a><\/h2>\n<p><a href=\"https:\/\/jungbleiben.eu\/produkt\/produktproben-set-5-tester-natural-collagen-inventia-hautpflege-2\" data-link-type=\"tree\" data-type=\"linkpicker\">&gt;&gt;  Pedir testers e amostras de produtos<\/a><\/p>\n<figure id=\"attachment_53\" aria-describedby=\"caption-attachment-53\" style=\"width: 390px\" class=\"wp-caption aligncenter\"><img loading=\"lazy\" decoding=\"async\" class=\"size-full wp-image-53\" src=\"https:\/\/kollagen-inventia.de\/wp-content\/uploads\/2018\/02\/Kollagenksometik_Inventia.jpg\" alt=\"Cosm\u00e9ticos de col\u00e1geno Natural Collagen Inventia\" width=\"390\" height=\"365\" srcset=\"https:\/\/kollagen-inventia.de\/wp-content\/uploads\/2018\/02\/Kollagenksometik_Inventia.jpg 390w, https:\/\/kollagen-inventia.de\/wp-content\/uploads\/2018\/02\/Kollagenksometik_Inventia-300x281.jpg 300w\" sizes=\"auto, (max-width: 390px) 100vw, 390px\" \/><figcaption id=\"caption-attachment-53\" class=\"wp-caption-text\">Cosm\u00e9ticos de col\u00e1geno Natural Collagen Inventia<\/figcaption><\/figure>\n<p>&nbsp;<br \/>\n<!--noadsense--><\/p>\n","protected":false},"excerpt":{"rendered":"<p>Torne-se parceiro de distribui\u00e7\u00e3o da Inventia na Alemanha\/\u00c1ustria. Somos a representa\u00e7\u00e3o autorizada, oficial e exclusiva da marca Natural Collagen Inventia para sal\u00f5es de beleza e est\u00e9tica na Alemanha. Voc\u00ea quer vender e\/ou distribuir produtos de col\u00e1geno Inventia no seu neg\u00f3cio? Voc\u00ea tem um sal\u00e3o de est\u00e9tica, sal\u00e3o de beleza ou similar e quer mimar suas [&hellip;]<\/p>\n","protected":false},"author":1,"featured_media":820,"parent":0,"menu_order":0,"comment_status":"closed","ping_status":"closed","template":"","meta":{"footnotes":""},"class_list":["post-819","page","type-page","status-publish","has-post-thumbnail","hentry"],"aioseo_notices":[],"_links":{"self":[{"href":"https:\/\/kollagen-inventia.de\/pt-br\/wp-json\/wp\/v2\/pages\/819","targetHints":{"allow":["GET"]}}],"collection":[{"href":"https:\/\/kollagen-inventia.de\/pt-br\/wp-json\/wp\/v2\/pages"}],"about":[{"href":"https:\/\/kollagen-inventia.de\/pt-br\/wp-json\/wp\/v2\/types\/page"}],"author":[{"embeddable":true,"href":"https:\/\/kollagen-inventia.de\/pt-br\/wp-json\/wp\/v2\/users\/1"}],"replies":[{"embeddable":true,"href":"https:\/\/kollagen-inventia.de\/pt-br\/wp-json\/wp\/v2\/comments?post=819"}],"version-history":[{"count":0,"href":"https:\/\/kollagen-inventia.de\/pt-br\/wp-json\/wp\/v2\/pages\/819\/revisions"}],"wp:featuredmedia":[{"embeddable":true,"href":"https:\/\/kollagen-inventia.de\/pt-br\/wp-json\/wp\/v2\/media\/820"}],"wp:attachment":[{"href":"https:\/\/kollagen-inventia.de\/pt-br\/wp-json\/wp\/v2\/media?parent=819"}],"curies":[{"name":"wp","href":"https:\/\/api.w.org\/{rel}","templated":true}]}}